

{"id":6,"date":"2020-03-11T08:40:29","date_gmt":"2020-03-11T08:40:29","guid":{"rendered":"http:\/\/mantecadecerdolard.com\/?page_id=6"},"modified":"2022-09-02T03:44:42","modified_gmt":"2022-09-02T03:44:42","slug":"nuestra-historia","status":"publish","type":"page","link":"https:\/\/mantecadecerdolard.com\/en\/nuestra-historia\/","title":{"rendered":"About"},"content":{"rendered":"<section id=\"wp-block-themeisle-blocks-advanced-columns-87cf1859\" class=\"wp-block-themeisle-blocks-advanced-columns alignfull has-1-columns has-desktop-equal-layout has-tablet-equal-layout has-mobile-equal-layout has-vertical-center\"><div class=\"wp-block-themeisle-blocks-advanced-columns-overlay\"><\/div><div class=\"innerblocks-wrap\">\n<div id=\"wp-block-themeisle-blocks-advanced-column-e140e135\" class=\"wp-block-themeisle-blocks-advanced-column\">\n<h1 class=\"has-text-align-center has-white-color has-text-color wp-block-heading\">En los detalles est\u00e1 el sabor<\/h1>\n<\/div>\n<\/div><\/section>\n\n\n\n<section id=\"wp-block-themeisle-blocks-advanced-columns-a2f37d02\" class=\"wp-block-themeisle-blocks-advanced-columns alignfull has-1-columns has-desktop-equal-layout has-tablet-equal-layout has-mobile-equal-layout has-vertical-center\"><div class=\"wp-block-themeisle-blocks-advanced-columns-overlay\"><\/div><div class=\"innerblocks-wrap\">\n<div id=\"wp-block-themeisle-blocks-advanced-column-ec3ace49\" class=\"wp-block-themeisle-blocks-advanced-column\">\n<section id=\"wp-block-themeisle-blocks-advanced-columns-f140273c\" class=\"wp-block-themeisle-blocks-advanced-columns has-2-columns has-desktop-equal-layout has-tablet-equal-layout has-mobile-collapsedRows-layout has-vertical-center\"><div class=\"wp-block-themeisle-blocks-advanced-columns-overlay\"><\/div><div class=\"innerblocks-wrap\">\n<div id=\"wp-block-themeisle-blocks-advanced-column-649b222d\" class=\"wp-block-themeisle-blocks-advanced-column\">\n<figure class=\"wp-block-image size-large is-style-default ticss-9793620f\"><img decoding=\"async\" src=\"data:image\/gif;base64,R0lGODlhAQABAIAAAAAAAP\/\/\/yH5BAEAAAAALAAAAAABAAEAAAIBRAA7\" data-src=\"http:\/\/mantecadecerdolard.com\/wp-content\/uploads\/2020\/03\/neve-restaurant-2-13.jpg\" alt=\"\" class=\"wp-image-37 lazyload\"\/><noscript><img fetchpriority=\"high\" decoding=\"async\" width=\"601\" height=\"601\" src=\"http:\/\/mantecadecerdolard.com\/wp-content\/uploads\/2020\/03\/neve-restaurant-2-13.jpg\" alt=\"\" class=\"wp-image-37 lazyload\" srcset=\"https:\/\/mantecadecerdolard.com\/wp-content\/uploads\/2020\/03\/neve-restaurant-2-13.jpg 601w, https:\/\/mantecadecerdolard.com\/wp-content\/uploads\/2020\/03\/neve-restaurant-2-13-300x300.jpg 300w, https:\/\/mantecadecerdolard.com\/wp-content\/uploads\/2020\/03\/neve-restaurant-2-13-100x100.jpg 100w, https:\/\/mantecadecerdolard.com\/wp-content\/uploads\/2020\/03\/neve-restaurant-2-13-150x150.jpg 150w, https:\/\/mantecadecerdolard.com\/wp-content\/uploads\/2020\/03\/neve-restaurant-2-13-12x12.jpg 12w\" sizes=\"(max-width: 601px) 100vw, 601px\" \/><\/noscript><\/figure>\n<\/div>\n\n\n\n<div id=\"wp-block-themeisle-blocks-advanced-column-bf13336e\" class=\"wp-block-themeisle-blocks-advanced-column\">\n<p><strong>Nuestra Herencia&#8230; hoy es nuestra tradici\u00f3n<\/strong><\/p>\n\n\n\n<p>Tres generaciones y m\u00e1s de 50 a\u00f1os de experiencia, que han evolucionado con el pasar del tiempo, fueron las bases de nuestros principales valores como empresarios, manteniendo la tradici\u00f3n de productos 100% naturales y frescos, con la misma pasi\u00f3n y empe\u00f1o que ten\u00edan nuestros pioneros.<\/p>\n\n\n\n<p>Un trato personalizado y atenci\u00f3n a los detalles de las necesidades de nuestros clientes en sus respectivas industrias; han permitido que algunos de ellos con m\u00e1s 20 a\u00f1os de confianza, avanzar para brindar cada d\u00eda un mejor producto con calidad y garant\u00eda.<\/p>\n\n\n\n<p>Nuestro proceso artesanal nos permite mantener la calidad y respaldo de garant\u00eda, ya que nuestro producto no requiere refrigeraci\u00f3n, tampoco contiene preservantes, edulcorantes, ni aditivos.<\/p>\n<\/div>\n<\/div><\/section>\n<\/div>\n<\/div><\/section>\n\n\n\n<section id=\"wp-block-themeisle-blocks-advanced-columns-18518c0c\" class=\"wp-block-themeisle-blocks-advanced-columns alignfull has-1-columns has-desktop-equal-layout has-tablet-equal-layout has-mobile-equal-layout has-vertical-center\"><div class=\"wp-block-themeisle-blocks-advanced-columns-overlay\"><\/div><div class=\"innerblocks-wrap\">\n<div id=\"wp-block-themeisle-blocks-advanced-column-b2c2356d\" class=\"wp-block-themeisle-blocks-advanced-column\">\n<div class=\"wp-block-themeisle-blocks-testimonials\">\n<figure class=\"wp-block-gallery has-nested-images columns-4 is-cropped wp-block-gallery-1 is-layout-flex wp-block-gallery-is-layout-flex\">\n<figure class=\"wp-block-image size-large\"><img decoding=\"async\" data-id=\"623\" src=\"data:image\/gif;base64,R0lGODlhAQABAIAAAAAAAP\/\/\/yH5BAEAAAAALAAAAAABAAEAAAIBRAA7\" data-src=\"http:\/\/mantecadecerdolard.com\/wp-content\/uploads\/2022\/08\/AdobeStock_464578501-1-1-1024x683.jpeg\" alt=\"\" class=\"wp-image-623 lazyload\"\/><noscript><img decoding=\"async\" width=\"1024\" height=\"683\" data-id=\"623\" src=\"http:\/\/mantecadecerdolard.com\/wp-content\/uploads\/2022\/08\/AdobeStock_464578501-1-1-1024x683.jpeg\" alt=\"\" class=\"wp-image-623 lazyload\" srcset=\"https:\/\/mantecadecerdolard.com\/wp-content\/uploads\/2022\/08\/AdobeStock_464578501-1-1-1024x683.jpeg 1024w, https:\/\/mantecadecerdolard.com\/wp-content\/uploads\/2022\/08\/AdobeStock_464578501-1-1-300x200.jpeg 300w, https:\/\/mantecadecerdolard.com\/wp-content\/uploads\/2022\/08\/AdobeStock_464578501-1-1-768x512.jpeg 768w, https:\/\/mantecadecerdolard.com\/wp-content\/uploads\/2022\/08\/AdobeStock_464578501-1-1-1536x1024.jpeg 1536w, https:\/\/mantecadecerdolard.com\/wp-content\/uploads\/2022\/08\/AdobeStock_464578501-1-1-2048x1365.jpeg 2048w, https:\/\/mantecadecerdolard.com\/wp-content\/uploads\/2022\/08\/AdobeStock_464578501-1-1-18x12.jpeg 18w, https:\/\/mantecadecerdolard.com\/wp-content\/uploads\/2022\/08\/AdobeStock_464578501-1-1-930x620.jpeg 930w, https:\/\/mantecadecerdolard.com\/wp-content\/uploads\/2022\/08\/AdobeStock_464578501-1-1-1320x880.jpeg 1320w, https:\/\/mantecadecerdolard.com\/wp-content\/uploads\/2022\/08\/AdobeStock_464578501-1-1-600x400.jpeg 600w\" sizes=\"(max-width: 1024px) 100vw, 1024px\" \/><\/noscript><figcaption>Garantia de duraci\u00f3n hasta 3 meses en optimas condiciones<\/figcaption><\/figure>\n\n\n\n<figure class=\"wp-block-image size-large\"><img decoding=\"async\" data-id=\"627\" src=\"data:image\/gif;base64,R0lGODlhAQABAIAAAAAAAP\/\/\/yH5BAEAAAAALAAAAAABAAEAAAIBRAA7\" data-src=\"http:\/\/mantecadecerdolard.com\/wp-content\/uploads\/2022\/08\/AdobeStock_465685181-1-1024x683.jpeg\" alt=\"\" class=\"wp-image-627 lazyload\"\/><noscript><img decoding=\"async\" width=\"1024\" height=\"683\" data-id=\"627\" src=\"http:\/\/mantecadecerdolard.com\/wp-content\/uploads\/2022\/08\/AdobeStock_465685181-1-1024x683.jpeg\" alt=\"\" class=\"wp-image-627 lazyload\" srcset=\"https:\/\/mantecadecerdolard.com\/wp-content\/uploads\/2022\/08\/AdobeStock_465685181-1-1024x683.jpeg 1024w, https:\/\/mantecadecerdolard.com\/wp-content\/uploads\/2022\/08\/AdobeStock_465685181-1-300x200.jpeg 300w, https:\/\/mantecadecerdolard.com\/wp-content\/uploads\/2022\/08\/AdobeStock_465685181-1-768x512.jpeg 768w, https:\/\/mantecadecerdolard.com\/wp-content\/uploads\/2022\/08\/AdobeStock_465685181-1-1536x1024.jpeg 1536w, https:\/\/mantecadecerdolard.com\/wp-content\/uploads\/2022\/08\/AdobeStock_465685181-1-2048x1365.jpeg 2048w, https:\/\/mantecadecerdolard.com\/wp-content\/uploads\/2022\/08\/AdobeStock_465685181-1-18x12.jpeg 18w, https:\/\/mantecadecerdolard.com\/wp-content\/uploads\/2022\/08\/AdobeStock_465685181-1-930x620.jpeg 930w, https:\/\/mantecadecerdolard.com\/wp-content\/uploads\/2022\/08\/AdobeStock_465685181-1-1320x880.jpeg 1320w, https:\/\/mantecadecerdolard.com\/wp-content\/uploads\/2022\/08\/AdobeStock_465685181-1-600x400.jpeg 600w\" sizes=\"(max-width: 1024px) 100vw, 1024px\" \/><\/noscript><figcaption>100% Natural<\/figcaption><\/figure>\n\n\n\n<figure class=\"wp-block-image size-large\"><img decoding=\"async\" data-id=\"625\" src=\"data:image\/gif;base64,R0lGODlhAQABAIAAAAAAAP\/\/\/yH5BAEAAAAALAAAAAABAAEAAAIBRAA7\" data-src=\"http:\/\/mantecadecerdolard.com\/wp-content\/uploads\/2022\/08\/AdobeStock_315778821-1-1024x683.jpeg\" alt=\"\" class=\"wp-image-625 lazyload\"\/><noscript><img loading=\"lazy\" decoding=\"async\" width=\"1024\" height=\"683\" data-id=\"625\" src=\"http:\/\/mantecadecerdolard.com\/wp-content\/uploads\/2022\/08\/AdobeStock_315778821-1-1024x683.jpeg\" alt=\"\" class=\"wp-image-625 lazyload\" srcset=\"https:\/\/mantecadecerdolard.com\/wp-content\/uploads\/2022\/08\/AdobeStock_315778821-1-1024x683.jpeg 1024w, https:\/\/mantecadecerdolard.com\/wp-content\/uploads\/2022\/08\/AdobeStock_315778821-1-300x200.jpeg 300w, https:\/\/mantecadecerdolard.com\/wp-content\/uploads\/2022\/08\/AdobeStock_315778821-1-768x512.jpeg 768w, https:\/\/mantecadecerdolard.com\/wp-content\/uploads\/2022\/08\/AdobeStock_315778821-1-1536x1024.jpeg 1536w, https:\/\/mantecadecerdolard.com\/wp-content\/uploads\/2022\/08\/AdobeStock_315778821-1-2048x1365.jpeg 2048w, https:\/\/mantecadecerdolard.com\/wp-content\/uploads\/2022\/08\/AdobeStock_315778821-1-18x12.jpeg 18w, https:\/\/mantecadecerdolard.com\/wp-content\/uploads\/2022\/08\/AdobeStock_315778821-1-930x620.jpeg 930w, https:\/\/mantecadecerdolard.com\/wp-content\/uploads\/2022\/08\/AdobeStock_315778821-1-1320x880.jpeg 1320w, https:\/\/mantecadecerdolard.com\/wp-content\/uploads\/2022\/08\/AdobeStock_315778821-1-600x400.jpeg 600w\" sizes=\"(max-width: 1024px) 100vw, 1024px\" \/><\/noscript><figcaption>Cocina diariamente con manteca<\/figcaption><\/figure>\n\n\n\n<figure class=\"wp-block-image size-large\"><img decoding=\"async\" data-id=\"626\" src=\"data:image\/gif;base64,R0lGODlhAQABAIAAAAAAAP\/\/\/yH5BAEAAAAALAAAAAABAAEAAAIBRAA7\" data-src=\"http:\/\/mantecadecerdolard.com\/wp-content\/uploads\/2022\/08\/AdobeStock_464578506-1-1024x683.jpeg\" alt=\"\" class=\"wp-image-626 lazyload\"\/><noscript><img loading=\"lazy\" decoding=\"async\" width=\"1024\" height=\"683\" data-id=\"626\" src=\"http:\/\/mantecadecerdolard.com\/wp-content\/uploads\/2022\/08\/AdobeStock_464578506-1-1024x683.jpeg\" alt=\"\" class=\"wp-image-626 lazyload\" srcset=\"https:\/\/mantecadecerdolard.com\/wp-content\/uploads\/2022\/08\/AdobeStock_464578506-1-1024x683.jpeg 1024w, https:\/\/mantecadecerdolard.com\/wp-content\/uploads\/2022\/08\/AdobeStock_464578506-1-300x200.jpeg 300w, https:\/\/mantecadecerdolard.com\/wp-content\/uploads\/2022\/08\/AdobeStock_464578506-1-768x512.jpeg 768w, https:\/\/mantecadecerdolard.com\/wp-content\/uploads\/2022\/08\/AdobeStock_464578506-1-1536x1024.jpeg 1536w, https:\/\/mantecadecerdolard.com\/wp-content\/uploads\/2022\/08\/AdobeStock_464578506-1-2048x1365.jpeg 2048w, https:\/\/mantecadecerdolard.com\/wp-content\/uploads\/2022\/08\/AdobeStock_464578506-1-18x12.jpeg 18w, https:\/\/mantecadecerdolard.com\/wp-content\/uploads\/2022\/08\/AdobeStock_464578506-1-930x620.jpeg 930w, https:\/\/mantecadecerdolard.com\/wp-content\/uploads\/2022\/08\/AdobeStock_464578506-1-1320x880.jpeg 1320w, https:\/\/mantecadecerdolard.com\/wp-content\/uploads\/2022\/08\/AdobeStock_464578506-1-600x400.jpeg 600w\" sizes=\"(max-width: 1024px) 100vw, 1024px\" \/><\/noscript><figcaption>Agrega tu especias favoritas y listo<\/figcaption><\/figure>\n<\/figure>\n<\/div>\n<\/div>\n<\/div><\/section>\n\n\n\n<section id=\"wp-block-themeisle-blocks-advanced-columns-223327a7\" class=\"wp-block-themeisle-blocks-advanced-columns alignfull has-2-columns has-desktop-equal-layout has-tablet-equal-layout has-mobile-collapsedRows-layout has-vertical-flex-end\"><div class=\"wp-block-themeisle-blocks-advanced-columns-overlay\"><\/div><div class=\"innerblocks-wrap\">\n<div id=\"wp-block-themeisle-blocks-advanced-column-24c8f59a\" class=\"wp-block-themeisle-blocks-advanced-column\">\n<h2 class=\"has-white-color has-text-color wp-block-heading\">Tendencia por vivir mejor<\/h2>\n\n\n\n<p class=\"has-white-color has-text-color\">Comer de forma saludable, se ha convertido en un estilo de vida, que todos los d\u00edas suma m\u00e1s adeptos, no solo por salud, econom\u00eda y sostenibilidad, sino porque adem\u00e1s los productos naturales  nos aportan los sabores originales que tanto a\u00f1oramos.<\/p>\n<\/div>\n\n\n\n<div id=\"wp-block-themeisle-blocks-advanced-column-49a4e5c8\" class=\"wp-block-themeisle-blocks-advanced-column\">\n<p class=\"has-white-color has-text-color\">En LARD nuestros colaboradores aplican sus conocimientos adquiridos profesionalmente, investigan para traer nuevas y mejores formas de elaborar nuestro producto.,<\/p>\n\n\n\n<p class=\"has-white-color has-text-color\">Siga nuestras redes sociales y ent\u00e9rese de las nuevas tendencias, recetas y trucos para consumir nuestros productos.<\/p>\n<\/div>\n<\/div><\/section>\n\n\n\n<section id=\"wp-block-themeisle-blocks-advanced-columns-3f0f1d63\" class=\"wp-block-themeisle-blocks-advanced-columns alignfull has-1-columns has-desktop-equal-layout has-tablet-equal-layout has-mobile-equal-layout has-vertical-center\"><div class=\"wp-block-themeisle-blocks-advanced-columns-overlay\"><\/div><div class=\"innerblocks-wrap\">\n<div id=\"wp-block-themeisle-blocks-advanced-column-cd721b83\" class=\"wp-block-themeisle-blocks-advanced-column\">\n<div class=\"wp-block-themeisle-blocks-testimonials\"><div class=\"wp-block-image is-style-circle-mask\">\n<figure class=\"aligncenter size-full is-resized\"><img loading=\"lazy\" decoding=\"async\" src=\"data:image\/gif;base64,R0lGODlhAQABAIAAAAAAAP\/\/\/yH5BAEAAAAALAAAAAABAAEAAAIBRAA7\" data-src=\"http:\/\/mantecadecerdolard.com\/wp-content\/uploads\/2022\/08\/lard-negro-02-6.png\" alt=\"\" class=\"wp-image-633 lazyload\" width=\"300\" height=\"300\"\/><noscript><img loading=\"lazy\" decoding=\"async\" src=\"http:\/\/mantecadecerdolard.com\/wp-content\/uploads\/2022\/08\/lard-negro-02-6.png\" alt=\"\" class=\"wp-image-633 lazyload\" width=\"300\" height=\"300\" srcset=\"https:\/\/mantecadecerdolard.com\/wp-content\/uploads\/2022\/08\/lard-negro-02-6.png 1000w, https:\/\/mantecadecerdolard.com\/wp-content\/uploads\/2022\/08\/lard-negro-02-6-300x300.png 300w, https:\/\/mantecadecerdolard.com\/wp-content\/uploads\/2022\/08\/lard-negro-02-6-150x150.png 150w, https:\/\/mantecadecerdolard.com\/wp-content\/uploads\/2022\/08\/lard-negro-02-6-768x768.png 768w, https:\/\/mantecadecerdolard.com\/wp-content\/uploads\/2022\/08\/lard-negro-02-6-12x12.png 12w, https:\/\/mantecadecerdolard.com\/wp-content\/uploads\/2022\/08\/lard-negro-02-6-600x600.png 600w, https:\/\/mantecadecerdolard.com\/wp-content\/uploads\/2022\/08\/lard-negro-02-6-100x100.png 100w\" sizes=\"(max-width: 300px) 100vw, 300px\" \/><\/noscript><\/figure>\n<\/div>\n\n\n<p id=\"wp-block-themeisle-blocks-advanced-heading-aa07703c\" class=\"wp-block-themeisle-blocks-advanced-heading wp-block-themeisle-blocks-advanced-heading-aa07703c\">\u00ab&#8230; Mantener el sabor depende de usted, conserve su producto en envases de vidrio, preferiblemente con tapa, saque solo lo que va a utilizar con un utensilio limpio y conserve en un lugar fresco y a la sombra, garantizamos calidad hasta por 3 meses&#8230;\u00bb<\/p>\n\n\n\n<h4 id=\"wp-block-themeisle-blocks-advanced-heading-cdee6cb3\" class=\"wp-block-themeisle-blocks-advanced-heading wp-block-themeisle-blocks-advanced-heading-cdee6cb3\"><strong>Los expertos de Lard<\/strong><\/h4>\n<\/div>\n<\/div>\n<\/div><\/section>","protected":false},"excerpt":{"rendered":"En los detalles est\u00e1 el sabor Nuestra Herencia... hoy es nuestra tradici\u00f3n Tres generaciones y m\u00e1s de 50 a\u00f1os de experiencia, que han evolucionado con el pasar del tiempo, fueron las bases de nuestros principales valores como empresarios, manteniendo la tradici\u00f3n de productos 100% naturales y frescos, con la misma pasi\u00f3n y empe\u00f1o que ten\u00edan<a href=\"https:\/\/mantecadecerdolard.com\/en\/nuestra-historia\/\" class=\"\" rel=\"bookmark\">Read More &raquo;<span class=\"screen-reader-text\">About<\/span><\/a>","protected":false},"author":1,"featured_media":0,"parent":0,"menu_order":0,"comment_status":"closed","ping_status":"closed","template":"","meta":{"neve_meta_sidebar":"","neve_meta_container":"","neve_meta_enable_content_width":"off","neve_meta_content_width":100,"neve_meta_title_alignment":"","neve_meta_author_avatar":"","neve_post_elements_order":"","neve_meta_disable_header":"","neve_meta_disable_footer":"","neve_meta_disable_title":"on","_themeisle_gutenberg_block_has_review":false,"footnotes":""},"class_list":["post-6","page","type-page","status-publish","hentry"],"yoast_head":"<!-- This site is optimized with the Yoast SEO plugin v26.0 - https:\/\/yoast.com\/wordpress\/plugins\/seo\/ -->\n<title>About - Manteca de Cerdo y Chicharron<\/title>\n<meta name=\"robots\" content=\"index, follow, max-snippet:-1, max-image-preview:large, max-video-preview:-1\" \/>\n<link rel=\"canonical\" href=\"https:\/\/mantecadecerdolard.com\/en\/nuestra-historia\/\" \/>\n<meta property=\"og:locale\" content=\"en_US\" \/>\n<meta property=\"og:type\" content=\"article\" \/>\n<meta property=\"og:title\" content=\"About - Manteca de Cerdo y Chicharron\" \/>\n<meta property=\"og:url\" content=\"https:\/\/mantecadecerdolard.com\/en\/nuestra-historia\/\" \/>\n<meta property=\"og:site_name\" content=\"Manteca de Cerdo y Chicharron\" \/>\n<meta property=\"article:modified_time\" content=\"2022-09-02T03:44:42+00:00\" \/>\n<meta property=\"og:image\" content=\"http:\/\/mantecadecerdolard.com\/wp-content\/uploads\/2020\/03\/neve-restaurant-2-13.jpg\" \/>\n<meta name=\"twitter:card\" content=\"summary_large_image\" \/>\n<meta name=\"twitter:label1\" content=\"Est. reading time\" \/>\n\t<meta name=\"twitter:data1\" content=\"3 minutes\" \/>\n<script type=\"application\/ld+json\" class=\"yoast-schema-graph\">{\"@context\":\"https:\/\/schema.org\",\"@graph\":[{\"@type\":\"WebPage\",\"@id\":\"https:\/\/mantecadecerdolard.com\/nuestra-historia\/\",\"url\":\"https:\/\/mantecadecerdolard.com\/nuestra-historia\/\",\"name\":\"About - Manteca de Cerdo y Chicharron\",\"isPartOf\":{\"@id\":\"https:\/\/mantecadecerdolard.com\/#website\"},\"primaryImageOfPage\":{\"@id\":\"https:\/\/mantecadecerdolard.com\/nuestra-historia\/#primaryimage\"},\"image\":{\"@id\":\"https:\/\/mantecadecerdolard.com\/nuestra-historia\/#primaryimage\"},\"thumbnailUrl\":\"http:\/\/mantecadecerdolard.com\/wp-content\/uploads\/2020\/03\/neve-restaurant-2-13.jpg\",\"datePublished\":\"2020-03-11T08:40:29+00:00\",\"dateModified\":\"2022-09-02T03:44:42+00:00\",\"breadcrumb\":{\"@id\":\"https:\/\/mantecadecerdolard.com\/nuestra-historia\/#breadcrumb\"},\"inLanguage\":\"en-US\",\"potentialAction\":[{\"@type\":\"ReadAction\",\"target\":[\"https:\/\/mantecadecerdolard.com\/nuestra-historia\/\"]}]},{\"@type\":\"ImageObject\",\"inLanguage\":\"en-US\",\"@id\":\"https:\/\/mantecadecerdolard.com\/nuestra-historia\/#primaryimage\",\"url\":\"http:\/\/mantecadecerdolard.com\/wp-content\/uploads\/2020\/03\/neve-restaurant-2-13.jpg\",\"contentUrl\":\"http:\/\/mantecadecerdolard.com\/wp-content\/uploads\/2020\/03\/neve-restaurant-2-13.jpg\"},{\"@type\":\"BreadcrumbList\",\"@id\":\"https:\/\/mantecadecerdolard.com\/nuestra-historia\/#breadcrumb\",\"itemListElement\":[{\"@type\":\"ListItem\",\"position\":1,\"name\":\"Home\",\"item\":\"https:\/\/mantecadecerdolard.com\/\"},{\"@type\":\"ListItem\",\"position\":2,\"name\":\"About\"}]},{\"@type\":\"WebSite\",\"@id\":\"https:\/\/mantecadecerdolard.com\/#website\",\"url\":\"https:\/\/mantecadecerdolard.com\/\",\"name\":\"Manteca de Cerdo y Chicharron\",\"description\":\"Manteca de Cerdo Lard\",\"publisher\":{\"@id\":\"https:\/\/mantecadecerdolard.com\/#organization\"},\"potentialAction\":[{\"@type\":\"SearchAction\",\"target\":{\"@type\":\"EntryPoint\",\"urlTemplate\":\"https:\/\/mantecadecerdolard.com\/?s={search_term_string}\"},\"query-input\":{\"@type\":\"PropertyValueSpecification\",\"valueRequired\":true,\"valueName\":\"search_term_string\"}}],\"inLanguage\":\"en-US\"},{\"@type\":\"Organization\",\"@id\":\"https:\/\/mantecadecerdolard.com\/#organization\",\"name\":\"Manteca de Cerdo y Chicharron\",\"url\":\"https:\/\/mantecadecerdolard.com\/\",\"logo\":{\"@type\":\"ImageObject\",\"inLanguage\":\"en-US\",\"@id\":\"https:\/\/mantecadecerdolard.com\/#\/schema\/logo\/image\/\",\"url\":\"https:\/\/mantecadecerdolard.com\/wp-content\/uploads\/2020\/03\/neve-restaurant-2-logo-1.png\",\"contentUrl\":\"https:\/\/mantecadecerdolard.com\/wp-content\/uploads\/2020\/03\/neve-restaurant-2-logo-1.png\",\"width\":425,\"height\":82,\"caption\":\"Manteca de Cerdo y Chicharron\"},\"image\":{\"@id\":\"https:\/\/mantecadecerdolard.com\/#\/schema\/logo\/image\/\"}}]}<\/script>\n<!-- \/ Yoast SEO plugin. -->","yoast_head_json":{"title":"About - Manteca de Cerdo y Chicharron","robots":{"index":"index","follow":"follow","max-snippet":"max-snippet:-1","max-image-preview":"max-image-preview:large","max-video-preview":"max-video-preview:-1"},"canonical":"https:\/\/mantecadecerdolard.com\/en\/nuestra-historia\/","og_locale":"en_US","og_type":"article","og_title":"About - Manteca de Cerdo y Chicharron","og_url":"https:\/\/mantecadecerdolard.com\/en\/nuestra-historia\/","og_site_name":"Manteca de Cerdo y Chicharron","article_modified_time":"2022-09-02T03:44:42+00:00","og_image":[{"url":"http:\/\/mantecadecerdolard.com\/wp-content\/uploads\/2020\/03\/neve-restaurant-2-13.jpg","type":"","width":"","height":""}],"twitter_card":"summary_large_image","twitter_misc":{"Est. reading time":"3 minutes"},"schema":{"@context":"https:\/\/schema.org","@graph":[{"@type":"WebPage","@id":"https:\/\/mantecadecerdolard.com\/nuestra-historia\/","url":"https:\/\/mantecadecerdolard.com\/nuestra-historia\/","name":"About - Manteca de Cerdo y Chicharron","isPartOf":{"@id":"https:\/\/mantecadecerdolard.com\/#website"},"primaryImageOfPage":{"@id":"https:\/\/mantecadecerdolard.com\/nuestra-historia\/#primaryimage"},"image":{"@id":"https:\/\/mantecadecerdolard.com\/nuestra-historia\/#primaryimage"},"thumbnailUrl":"http:\/\/mantecadecerdolard.com\/wp-content\/uploads\/2020\/03\/neve-restaurant-2-13.jpg","datePublished":"2020-03-11T08:40:29+00:00","dateModified":"2022-09-02T03:44:42+00:00","breadcrumb":{"@id":"https:\/\/mantecadecerdolard.com\/nuestra-historia\/#breadcrumb"},"inLanguage":"en-US","potentialAction":[{"@type":"ReadAction","target":["https:\/\/mantecadecerdolard.com\/nuestra-historia\/"]}]},{"@type":"ImageObject","inLanguage":"en-US","@id":"https:\/\/mantecadecerdolard.com\/nuestra-historia\/#primaryimage","url":"http:\/\/mantecadecerdolard.com\/wp-content\/uploads\/2020\/03\/neve-restaurant-2-13.jpg","contentUrl":"http:\/\/mantecadecerdolard.com\/wp-content\/uploads\/2020\/03\/neve-restaurant-2-13.jpg"},{"@type":"BreadcrumbList","@id":"https:\/\/mantecadecerdolard.com\/nuestra-historia\/#breadcrumb","itemListElement":[{"@type":"ListItem","position":1,"name":"Home","item":"https:\/\/mantecadecerdolard.com\/"},{"@type":"ListItem","position":2,"name":"About"}]},{"@type":"WebSite","@id":"https:\/\/mantecadecerdolard.com\/#website","url":"https:\/\/mantecadecerdolard.com\/","name":"Manteca de Cerdo y Chicharron","description":"Manteca de Cerdo Lard","publisher":{"@id":"https:\/\/mantecadecerdolard.com\/#organization"},"potentialAction":[{"@type":"SearchAction","target":{"@type":"EntryPoint","urlTemplate":"https:\/\/mantecadecerdolard.com\/?s={search_term_string}"},"query-input":{"@type":"PropertyValueSpecification","valueRequired":true,"valueName":"search_term_string"}}],"inLanguage":"en-US"},{"@type":"Organization","@id":"https:\/\/mantecadecerdolard.com\/#organization","name":"Manteca de Cerdo y Chicharron","url":"https:\/\/mantecadecerdolard.com\/","logo":{"@type":"ImageObject","inLanguage":"en-US","@id":"https:\/\/mantecadecerdolard.com\/#\/schema\/logo\/image\/","url":"https:\/\/mantecadecerdolard.com\/wp-content\/uploads\/2020\/03\/neve-restaurant-2-logo-1.png","contentUrl":"https:\/\/mantecadecerdolard.com\/wp-content\/uploads\/2020\/03\/neve-restaurant-2-logo-1.png","width":425,"height":82,"caption":"Manteca de Cerdo y Chicharron"},"image":{"@id":"https:\/\/mantecadecerdolard.com\/#\/schema\/logo\/image\/"}}]}},"jetpack_sharing_enabled":true,"_links":{"self":[{"href":"https:\/\/mantecadecerdolard.com\/en\/wp-json\/wp\/v2\/pages\/6","targetHints":{"allow":["GET"]}}],"collection":[{"href":"https:\/\/mantecadecerdolard.com\/en\/wp-json\/wp\/v2\/pages"}],"about":[{"href":"https:\/\/mantecadecerdolard.com\/en\/wp-json\/wp\/v2\/types\/page"}],"author":[{"embeddable":true,"href":"https:\/\/mantecadecerdolard.com\/en\/wp-json\/wp\/v2\/users\/1"}],"replies":[{"embeddable":true,"href":"https:\/\/mantecadecerdolard.com\/en\/wp-json\/wp\/v2\/comments?post=6"}],"version-history":[{"count":14,"href":"https:\/\/mantecadecerdolard.com\/en\/wp-json\/wp\/v2\/pages\/6\/revisions"}],"predecessor-version":[{"id":637,"href":"https:\/\/mantecadecerdolard.com\/en\/wp-json\/wp\/v2\/pages\/6\/revisions\/637"}],"wp:attachment":[{"href":"https:\/\/mantecadecerdolard.com\/en\/wp-json\/wp\/v2\/media?parent=6"}],"curies":[{"name":"wp","href":"https:\/\/api.w.org\/{rel}","templated":true}]}}